{"id":381,"date":"2025-03-11T08:56:01","date_gmt":"2025-03-11T07:56:01","guid":{"rendered":"https:\/\/jk256nap.at.edis.global\/?page_id=381"},"modified":"2025-09-03T07:19:33","modified_gmt":"2025-09-03T06:19:33","slug":"montage-handel","status":"publish","type":"page","link":"https:\/\/gfg-technik.at\/en\/montage-handel\/","title":{"rendered":"Assembly and Assembly Supervision"},"content":{"rendered":"<p>[et_pb_section fb_built=&#8220;1&#8243; _builder_version=&#8220;4.27.4&#8243; use_background_color_gradient=&#8220;on&#8220; background_color_gradient_direction=&#8220;45deg&#8220; background_color_gradient_stops=&#8220;rgba(29,38,0,0.85) 0%|rgba(29,38,0,0) 100%&#8220; background_color_gradient_overlays_image=&#8220;on&#8220; background_color_gradient_start=&#8220;rgba(29,38,0,0.85)&#8220; background_color_gradient_end=&#8220;rgba(29,38,0,0)&#8220; background_image=&#8220;http:\/\/jk256nap.at.edis.global\/wp-content\/uploads\/2024\/12\/PICT0007.jpg&#8220; custom_padding=&#8220;6vw|0px|6vw|0px|true|false&#8220; global_colors_info=&#8220;{}&#8220;][et_pb_row _builder_version=&#8220;4.16&#8243; custom_padding=&#8220;117px|||||&#8220; global_colors_info=&#8220;{}&#8220;][et_pb_column type=&#8220;4_4&#8243; _builder_version=&#8220;4.16&#8243; custom_padding=&#8220;|||&#8220; global_colors_info=&#8220;{}&#8220; custom_padding__hover=&#8220;|||&#8220;][et_pb_text content_tablet=&#8220;&#8220; content_phone=&#8220;<\/p>\n<h1>Montage &#038; Montage- \u00fcberwachung<\/h1>\n<p>&#8220; content_last_edited=&#8220;on|phone&#8220; _builder_version=&#8220;4.27.4&#8243; text_font=&#8220;||||||||&#8220; text_font_size=&#8220;18px&#8220; text_line_height=&#8220;2em&#8220; ul_font=&#8220;||||||||&#8220; ol_font=&#8220;||||||||&#8220; header_font=&#8220;Open Sans|700|||||||&#8220; header_font_size=&#8220;60px&#8220; header_line_height=&#8220;1.2em&#8220; header_2_font=&#8220;||||||||&#8220; header_3_font=&#8220;||||||||&#8220; header_4_font=&#8220;||||||||&#8220; header_5_font=&#8220;||||||||&#8220; header_6_font=&#8220;||||||||&#8220; background_color=&#8220;#9e9e9e&#8220; text_orientation=&#8220;center&#8220; background_layout=&#8220;dark&#8220; max_width=&#8220;800%&#8220; module_alignment=&#8220;center&#8220; custom_margin=&#8220;|||&#8220; text_font_size_tablet=&#8220;&#8220; text_font_size_phone=&#8220;16px&#8220; text_font_size_last_edited=&#8220;on|phone&#8220; header_font_size_tablet=&#8220;50px&#8220; header_font_size_phone=&#8220;40px&#8220; header_font_size_last_edited=&#8220;on|phone&#8220; locked=&#8220;off&#8220; global_colors_info=&#8220;{}&#8220;]<\/p>\n<h1>Montage &amp; Montage\u00fcberwachung<\/h1>\n<p>[\/et_pb_text][\/et_pb_column][\/et_pb_row][\/et_pb_section][et_pb_section fb_built=&#8220;1&#8243; _builder_version=&#8220;4.27.4&#8243; _module_preset=&#8220;default&#8220; custom_padding=&#8220;0px||4px|||&#8220; global_colors_info=&#8220;{}&#8220;][et_pb_row column_structure=&#8220;2_5,3_5&#8243; make_equal=&#8220;on&#8220; _builder_version=&#8220;4.27.4&#8243; _module_preset=&#8220;default&#8220; custom_padding=&#8220;0px|||||&#8220; global_colors_info=&#8220;{}&#8220;][et_pb_column type=&#8220;2_5&#8243; _builder_version=&#8220;4.27.4&#8243; _module_preset=&#8220;default&#8220; custom_padding=&#8220;30px||||false|false&#8220; global_colors_info=&#8220;{}&#8220;][et_pb_contact_form email=&#8220;office@gfg-technik.at&#8220; title=&#8220;Kontaktieren Sie uns&#8220; custom_message=&#8220;Folgende Anfrage kommt \u00fcber das Kontaktformular von www.gfg-technik.at||et_pb_line_break_holder||||et_pb_line_break_holder||Bereich: %%page_name%%||et_pb_line_break_holder||||et_pb_line_break_holder||Name: %%Name%%||et_pb_line_break_holder||Firma: %%Firma%%||et_pb_line_break_holder||Email: %%Email%%||et_pb_line_break_holder||Telefon: %%Telefon%%||et_pb_line_break_holder||Nachricht: %%Nachricht%%&#8220; success_message=&#8220;Danke f\u00fcr Ihre Nachricht &#8211; wir melden uns zeitnah bei Ihnen&#8220; submit_button_text=&#8220;Senden&#8220; _builder_version=&#8220;4.27.4&#8243; _module_preset=&#8220;default&#8220; _unique_id=&#8220;9543b62b-dea0-4c47-8adb-ffa27965e689&#8243; global_module=&#8220;362&#8243; saved_tabs=&#8220;all&#8220; global_colors_info=&#8220;{}&#8220;][et_pb_contact_field field_id=&#8220;Firma&#8220; field_title=&#8220;Firma&#8220; fullwidth_field=&#8220;on&#8220; _builder_version=&#8220;4.27.4&#8243; _module_preset=&#8220;default&#8220; global_colors_info=&#8220;{}&#8220;][\/et_pb_contact_field][et_pb_contact_field field_id=&#8220;Name&#8220; field_title=&#8220;Name&#8220; fullwidth_field=&#8220;on&#8220; _builder_version=&#8220;4.27.4&#8243; global_colors_info=&#8220;{}&#8220; button_text_size__hover_enabled=&#8220;off&#8220; button_one_text_size__hover_enabled=&#8220;off&#8220; button_two_text_size__hover_enabled=&#8220;off&#8220; button_text_color__hover_enabled=&#8220;off&#8220; button_one_text_color__hover_enabled=&#8220;off&#8220; button_two_text_color__hover_enabled=&#8220;off&#8220; button_border_width__hover_enabled=&#8220;off&#8220; button_one_border_width__hover_enabled=&#8220;off&#8220; button_two_border_width__hover_enabled=&#8220;off&#8220; button_border_color__hover_enabled=&#8220;off&#8220; button_one_border_color__hover_enabled=&#8220;off&#8220; button_two_border_color__hover_enabled=&#8220;off&#8220; button_border_radius__hover_enabled=&#8220;off&#8220; button_one_border_radius__hover_enabled=&#8220;off&#8220; button_two_border_radius__hover_enabled=&#8220;off&#8220; button_letter_spacing__hover_enabled=&#8220;off&#8220; button_one_letter_spacing__hover_enabled=&#8220;off&#8220; button_two_letter_spacing__hover_enabled=&#8220;off&#8220; button_bg_color__hover_enabled=&#8220;off&#8220; button_one_bg_color__hover_enabled=&#8220;off&#8220; button_two_bg_color__hover_enabled=&#8220;off&#8220;][\/et_pb_contact_field][et_pb_contact_field field_id=&#8220;Telefon&#8220; field_title=&#8220;Telefon&#8220; fullwidth_field=&#8220;on&#8220; _builder_version=&#8220;4.27.4&#8243; _module_preset=&#8220;default&#8220; global_colors_info=&#8220;{}&#8220;][\/et_pb_contact_field][et_pb_contact_field field_id=&#8220;Email&#8220; field_title=&#8220;E-Mail-Adresse&#8220; field_type=&#8220;email&#8220; fullwidth_field=&#8220;on&#8220; _builder_version=&#8220;4.27.4&#8243; global_colors_info=&#8220;{}&#8220; button_text_size__hover_enabled=&#8220;off&#8220; button_one_text_size__hover_enabled=&#8220;off&#8220; button_two_text_size__hover_enabled=&#8220;off&#8220; button_text_color__hover_enabled=&#8220;off&#8220; button_one_text_color__hover_enabled=&#8220;off&#8220; button_two_text_color__hover_enabled=&#8220;off&#8220; button_border_width__hover_enabled=&#8220;off&#8220; button_one_border_width__hover_enabled=&#8220;off&#8220; button_two_border_width__hover_enabled=&#8220;off&#8220; button_border_color__hover_enabled=&#8220;off&#8220; button_one_border_color__hover_enabled=&#8220;off&#8220; button_two_border_color__hover_enabled=&#8220;off&#8220; button_border_radius__hover_enabled=&#8220;off&#8220; button_one_border_radius__hover_enabled=&#8220;off&#8220; button_two_border_radius__hover_enabled=&#8220;off&#8220; button_letter_spacing__hover_enabled=&#8220;off&#8220; button_one_letter_spacing__hover_enabled=&#8220;off&#8220; button_two_letter_spacing__hover_enabled=&#8220;off&#8220; button_bg_color__hover_enabled=&#8220;off&#8220; button_one_bg_color__hover_enabled=&#8220;off&#8220; button_two_bg_color__hover_enabled=&#8220;off&#8220;][\/et_pb_contact_field][et_pb_contact_field field_id=&#8220;Nachricht&#8220; field_title=&#8220;Nachricht&#8220; field_type=&#8220;text&#8220; required_mark=&#8220;off&#8220; fullwidth_field=&#8220;on&#8220; _builder_version=&#8220;4.27.4&#8243; global_colors_info=&#8220;{}&#8220; button_text_size__hover_enabled=&#8220;off&#8220; button_one_text_size__hover_enabled=&#8220;off&#8220; button_two_text_size__hover_enabled=&#8220;off&#8220; button_text_color__hover_enabled=&#8220;off&#8220; button_one_text_color__hover_enabled=&#8220;off&#8220; button_two_text_color__hover_enabled=&#8220;off&#8220; button_border_width__hover_enabled=&#8220;off&#8220; button_one_border_width__hover_enabled=&#8220;off&#8220; button_two_border_width__hover_enabled=&#8220;off&#8220; button_border_color__hover_enabled=&#8220;off&#8220; button_one_border_color__hover_enabled=&#8220;off&#8220; button_two_border_color__hover_enabled=&#8220;off&#8220; button_border_radius__hover_enabled=&#8220;off&#8220; button_one_border_radius__hover_enabled=&#8220;off&#8220; button_two_border_radius__hover_enabled=&#8220;off&#8220; button_letter_spacing__hover_enabled=&#8220;off&#8220; button_one_letter_spacing__hover_enabled=&#8220;off&#8220; button_two_letter_spacing__hover_enabled=&#8220;off&#8220; button_bg_color__hover_enabled=&#8220;off&#8220; button_one_bg_color__hover_enabled=&#8220;off&#8220; button_two_bg_color__hover_enabled=&#8220;off&#8220;][\/et_pb_contact_field][\/et_pb_contact_form][\/et_pb_column][et_pb_column type=&#8220;3_5&#8243; _builder_version=&#8220;4.27.4&#8243; _module_preset=&#8220;default&#8220; background_color=&#8220;#008800&#8243; custom_padding=&#8220;20px|15px|30px|15px|false|true&#8220; global_colors_info=&#8220;{}&#8220;][et_pb_icon font_icon=&#8220;&#xe035;||divi||400&#8243; icon_color=&#8220;#FFFFFF&#8220; icon_width=&#8220;70px&#8220; _builder_version=&#8220;4.27.4&#8243; _module_preset=&#8220;default&#8220; global_colors_info=&#8220;{}&#8220;][\/et_pb_icon][et_pb_text content_tablet=&#8220;&#8220; content_phone=&#8220;<\/p>\n<h2 style=%22text-align: center;%22>Montage und Montage\u00fcberwachung<\/h2>\n<p><span>Montagen werden entweder mit eigenem Personal durchgef\u00fchrt oder es wird die Bauausf\u00fchrung unter Leitung und Aufsicht von GFG bewerkstelligt.<\/span><\/p>\n<p>GFG f\u00fchrt sowohl Neuzustellungen als auch Reparaturen durch. Au\u00dferdem erfolgen Auskleidungen und Isolierungen in Anlagen unterschiedlichster Bestimmungen.<\/p>\n<p>Die \u00dcberwachung von Baut\u00e4tigkeiten im Rahmen der Montage von Feuerfestauskleidungen und aller damit in Verbindung stehenden Fachgebiete z\u00e4hlt ebenfalls zu unserem Zust\u00e4ndigkeitsbereich.<\/p>\n<p>Beispiele:<\/p>\n<ul>\n<li>Z\u00fcndhaube f\u00fcr eine Erzsinteranlage bei Port Talbot in England und Dragon Steel in Taiwan<\/li>\n<li>Biomassekraftwerke<\/li>\n<li>Errichtung von Hei\u00dfwindleitung, Schacht und Abgassystem f\u00fcr Hoch\u00f6fen<\/li>\n<li>W\u00e4rmebehandlungsaggregate f\u00fcr die Automobilindustrie<\/li>\n<li>Elektroden-Vorw\u00e4rm\u00f6fen f\u00fcr Sonderstahlwerke<\/li>\n<\/ul>\n<p>&#8220; content_last_edited=&#8220;on|phone&#8220; _builder_version=&#8220;4.27.4&#8243; _module_preset=&#8220;default&#8220; text_text_color=&#8220;#FFFFFF&#8220; text_font_size=&#8220;17px&#8220; header_2_font=&#8220;|600|||||||&#8220; header_2_text_color=&#8220;#FFFFFF&#8220; header_2_font_size=&#8220;23px&#8220; header_2_line_height=&#8220;2em&#8220; hover_enabled=&#8220;0&#8243; global_colors_info=&#8220;{}&#8220; sticky_enabled=&#8220;0&#8243;]<\/p>\n<h2 style=\"text-align: center;\">Montage und Montage\u00fcberwachung<\/h2>\n<p><span>Montagen werden entweder mit eigenem Personal durchgef\u00fchrt oder es wird die Bauausf\u00fchrung unter Leitung und Aufsicht von GFG bewerkstelligt.<\/span><\/p>\n<p>GFG f\u00fchrt sowohl Neuzustellungen als auch Reparaturen durch. Au\u00dferdem erfolgen Auskleidungen und Isolierungen in Anlagen unterschiedlichster Bestimmungen.<\/p>\n<p>Die \u00dcberwachung von Baut\u00e4tigkeiten im Rahmen der Montage von Feuerfestauskleidungen und aller damit in Verbindung stehenden Fachgebiete z\u00e4hlt ebenfalls zu unserem Zust\u00e4ndigkeitsbereich.<\/p>\n<p>Beispiele:<\/p>\n<ul>\n<li>Z\u00fcndhaube f\u00fcr eine Erzsinteranlage bei Port Talbot in England und Dragon Steel in Taiwan, Tschechien, Polen, Indien, ..<\/li>\n<li>Biomassekraftwerke<\/li>\n<li>Hoch\u00f6fen<\/li>\n<li>Errichtung von Hei\u00dfwindleitung, Schacht und Abgassystem f\u00fcr Hoch\u00f6fen<\/li>\n<li>(Torpedo)- Pfannen<\/li>\n<li>W\u00e4rmebehandlungsaggregate f\u00fcr die Automobilindustrie<\/li>\n<li>Elektroden-Vorw\u00e4rm\u00f6fen f\u00fcr Sonderstahlwerke<\/li>\n<li style=\"font-weight: 400;\"><span>Drehherd\u00f6fen<\/span><\/li>\n<li style=\"font-weight: 400;\"><span>Hubbalken\u00f6fen<\/span><\/li>\n<li style=\"font-weight: 400;\"><span>Spritzmanipulatoren<\/span><\/li>\n<li style=\"font-weight: 400;\"><span>Aluminiumdrehtrommel\u00f6fen<\/span><\/li>\n<li style=\"font-weight: 400;\"><span>Gie\u00dfrinnen<\/span><\/li>\n<li style=\"font-weight: 400;\"><span>Muffelsysteme<\/span><\/li>\n<li style=\"font-weight: 400;\"><span>Herdw\u00e4gen<\/span><\/li>\n<li style=\"font-weight: 400;\"><span>Brennkammern<\/span><\/li>\n<li style=\"font-weight: 400;\"><span>Schrottvorw\u00e4rm\u00f6fen<\/span><\/li>\n<li style=\"font-weight: 400;\"><span>Vakuum\u00f6fen<\/span><\/li>\n<\/ul>\n<p>[\/et_pb_text][\/et_pb_column][\/et_pb_row][\/et_pb_section][et_pb_section fb_built=&#8220;1&#8243; _builder_version=&#8220;4.27.4&#8243; _module_preset=&#8220;default&#8220; background_image=&#8220;http:\/\/jk256nap.at.edis.global\/wp-content\/uploads\/2024\/10\/gardener-04.png&#8220; background_size=&#8220;initial&#8220; background_position=&#8220;top_left&#8220; custom_padding=&#8220;9px||3px|||&#8220; global_colors_info=&#8220;{}&#8220;][et_pb_row _builder_version=&#8220;4.27.4&#8243; _module_preset=&#8220;default&#8220; global_colors_info=&#8220;{}&#8220;][et_pb_column type=&#8220;4_4&#8243; _builder_version=&#8220;4.27.4&#8243; _module_preset=&#8220;default&#8220; global_colors_info=&#8220;{}&#8220;][et_pb_gallery gallery_ids=&#8220;349,346,347,348,343,344,345,342&#8243; posts_number=&#8220;8&#8243; show_title_and_caption=&#8220;off&#8220; show_pagination=&#8220;off&#8220; _builder_version=&#8220;4.27.4&#8243; _module_preset=&#8220;default&#8220; global_colors_info=&#8220;{}&#8220;][\/et_pb_gallery][et_pb_gallery gallery_ids=&#8220;460,459,469,467,471,464,465,466,474,473,472,453,455,443,470,468,461,462,463,458,456,454,452,451,444,445,446,447,448,449,450,442,441&#8243; posts_number=&#8220;8&#8243; show_title_and_caption=&#8220;off&#8220; _builder_version=&#8220;4.27.4&#8243; _module_preset=&#8220;default&#8220; global_colors_info=&#8220;{}&#8220;][\/et_pb_gallery][\/et_pb_column][\/et_pb_row][\/et_pb_section][et_pb_section fb_built=&#8220;1&#8243; fullwidth=&#8220;on&#8220; _builder_version=&#8220;4.27.4&#8243; _module_preset=&#8220;default&#8220; global_colors_info=&#8220;{}&#8220;][et_pb_fullwidth_map address=&#8220;Wiesengasse 1, 8793 Trofaiach, \u00d6sterreich&#8220; address_lat=&#8220;47.4228376&#8243; address_lng=&#8220;14.9989956&#8243; mouse_wheel=&#8220;off&#8220; _builder_version=&#8220;4.27.4&#8243; _module_preset=&#8220;default&#8220; child_filter_saturate=&#8220;0%&#8220; global_colors_info=&#8220;{}&#8220;][et_pb_map_pin title=&#8220;GFG Feuerfest GmbH&#8220; pin_address=&#8220;Wiesengasse 1, 8793 Trofaiach, \u00d6sterreich&#8220; pin_address_lat=&#8220;47.4228376&#8243; pin_address_lng=&#8220;14.9989956&#8243; _builder_version=&#8220;4.27.4&#8243; _module_preset=&#8220;default&#8220; global_colors_info=&#8220;{}&#8220;][\/et_pb_map_pin][\/et_pb_fullwidth_map][\/et_pb_section][et_pb_section fb_built=&#8220;1&#8243; specialty=&#8220;on&#8220; _builder_version=&#8220;4.27.4&#8243; _module_preset=&#8220;default&#8220; background_color=&#8220;#008800&#8243; custom_padding=&#8220;||0px|||&#8220; global_module=&#8220;130&#8243; saved_tabs=&#8220;all&#8220; global_colors_info=&#8220;{}&#8220;][et_pb_column type=&#8220;1_2&#8243; specialty_columns=&#8220;2&#8243; _builder_version=&#8220;4.16&#8243; custom_padding=&#8220;|||&#8220; global_colors_info=&#8220;{}&#8220; custom_padding__hover=&#8220;|||&#8220;][et_pb_row_inner padding_top_bottom_link_2=&#8220;true&#8220; padding_left_right_link_2=&#8220;true&#8220; admin_label=&#8220;Zeile&#8220; _builder_version=&#8220;4.27.4&#8243; background_color=&#8220;#FFFFFF&#8220; custom_margin=&#8220;||0px||false|false&#8220; custom_padding=&#8220;|30px||30px|false|false&#8220; animation_style=&#8220;slide&#8220; animation_direction=&#8220;bottom&#8220; animation_intensity_slide=&#8220;2%&#8220; locked=&#8220;off&#8220; global_colors_info=&#8220;{}&#8220;][et_pb_column_inner saved_specialty_column_type=&#8220;1_2&#8243; _builder_version=&#8220;4.27.4&#8243; background_color=&#8220;#ffffff&#8220; custom_padding=&#8220;||||false|false&#8220; global_colors_info=&#8220;{}&#8220; custom_padding__hover=&#8220;|||&#8220;][et_pb_text _builder_version=&#8220;4.27.4&#8243; text_font=&#8220;||||||||&#8220; header_font=&#8220;||||||||&#8220; header_4_font=&#8220;|700||on|||||&#8220; header_4_text_color=&#8220;rgba(0,0,0,0.5)&#8220; header_4_font_size=&#8220;14px&#8220; header_4_letter_spacing=&#8220;1px&#8220; header_4_line_height=&#8220;1.5em&#8220; custom_margin=&#8220;||15px|||&#8220; global_colors_info=&#8220;{}&#8220;]<\/p>\n<h4>Kontaktieren Sie uns<\/h4>\n<h4><\/h4>\n<p>[\/et_pb_text][et_pb_blurb title=&#8220;+43 3847 30331-0&#8243; use_icon=&#8220;on&#8220; font_icon=&#8220;&#xe090;||divi||400&#8243; icon_color=&#8220;#293600&#8243; icon_placement=&#8220;left&#8220; image_icon_width=&#8220;20px&#8220; _builder_version=&#8220;4.16&#8243; header_font=&#8220;|700||on|||||&#8220; header_text_color=&#8220;#1d2600&#8243; header_font_size=&#8220;13px&#8220; header_letter_spacing=&#8220;2px&#8220; header_line_height=&#8220;1.8em&#8220; background_layout=&#8220;dark&#8220; custom_margin=&#8220;20px|||&#8220; animation=&#8220;off&#8220; icon_font_size=&#8220;20px&#8220; global_colors_info=&#8220;{}&#8220;][\/et_pb_blurb][et_pb_blurb title=&#8220;office@gfg-technik.at&#8220; use_icon=&#8220;on&#8220; font_icon=&#8220;&#xe076;||divi||400&#8243; icon_color=&#8220;#293600&#8243; icon_placement=&#8220;left&#8220; image_icon_width=&#8220;20px&#8220; _builder_version=&#8220;4.16&#8243; header_font=&#8220;|700||on|||||&#8220; header_text_color=&#8220;#1d2600&#8243; header_font_size=&#8220;13px&#8220; header_letter_spacing=&#8220;2px&#8220; header_line_height=&#8220;1.8em&#8220; background_layout=&#8220;dark&#8220; custom_margin=&#8220;20px|||&#8220; animation=&#8220;off&#8220; icon_font_size=&#8220;20px&#8220; global_colors_info=&#8220;{}&#8220;][\/et_pb_blurb][et_pb_blurb title=&#8220;A-8793 trofaiach, Wiesengasse 1&#8243; use_icon=&#8220;on&#8220; font_icon=&#8220;&#xe081;||divi||400&#8243; icon_color=&#8220;#293600&#8243; icon_placement=&#8220;left&#8220; image_icon_width=&#8220;20px&#8220; _builder_version=&#8220;4.16&#8243; header_font=&#8220;|700||on|||||&#8220; header_text_color=&#8220;#1d2600&#8243; header_font_size=&#8220;11px&#8220; header_letter_spacing=&#8220;2px&#8220; header_line_height=&#8220;1.8em&#8220; background_layout=&#8220;dark&#8220; custom_margin=&#8220;20px|||&#8220; animation=&#8220;off&#8220; icon_font_size=&#8220;20px&#8220; global_colors_info=&#8220;{}&#8220;][\/et_pb_blurb][et_pb_blurb title=&#8220;B\u00fcrozeiten: Mo-Do 07:00-16:00, Fr 07:00-12:00&#8243; use_icon=&#8220;on&#8220; font_icon=&#8220;&#xe066;||fa||900&#8243; icon_color=&#8220;#293600&#8243; icon_placement=&#8220;left&#8220; image_icon_width=&#8220;20px&#8220; _builder_version=&#8220;4.27.4&#8243; header_font=&#8220;|700||on|||||&#8220; header_text_color=&#8220;#1d2600&#8243; header_font_size=&#8220;11px&#8220; header_letter_spacing=&#8220;2px&#8220; header_line_height=&#8220;1.8em&#8220; background_layout=&#8220;dark&#8220; custom_margin=&#8220;20px|||&#8220; animation=&#8220;off&#8220; icon_font_size=&#8220;20px&#8220; global_colors_info=&#8220;{}&#8220;][\/et_pb_blurb][\/et_pb_column_inner][\/et_pb_row_inner][et_pb_row_inner _builder_version=&#8220;4.27.4&#8243; _module_preset=&#8220;default&#8220; custom_margin=&#8220;0px||||false|false&#8220; custom_padding=&#8220;0px|||||&#8220; global_colors_info=&#8220;{}&#8220;][et_pb_column_inner saved_specialty_column_type=&#8220;1_2&#8243; _builder_version=&#8220;4.27.4&#8243; _module_preset=&#8220;default&#8220; global_colors_info=&#8220;{}&#8220;][et_pb_button button_url=&#8220;@ET-DC@eyJkeW5hbWljIjp0cnVlLCJjb250ZW50IjoicG9zdF9saW5rX3VybF9wYWdlIiwic2V0dGluZ3MiOnsicG9zdF9pZCI6IjEzOSJ9fQ==@&#8220; button_text=&#8220;Anfrage senden&#8220; _builder_version=&#8220;4.27.4&#8243; _dynamic_attributes=&#8220;button_url&#8220; _module_preset=&#8220;default&#8220; custom_button=&#8220;on&#8220; button_text_color=&#8220;#008800&#8243; button_bg_color=&#8220;#d3d3d3&#8243; button_border_width=&#8220;0px&#8220; button_border_radius=&#8220;0px&#8220; button_font=&#8220;|||on|||||&#8220; button_icon=&#8220;&#xf0e0;||fa||400&#8243; button_on_hover=&#8220;off&#8220; custom_margin=&#8220;||||false|false&#8220; custom_padding=&#8220;|||13px|false|false&#8220; global_colors_info=&#8220;{}&#8220;][\/et_pb_button][\/et_pb_column_inner][\/et_pb_row_inner][\/et_pb_column][et_pb_column type=&#8220;1_2&#8243; _builder_version=&#8220;4.16&#8243; custom_padding=&#8220;|||&#8220; global_colors_info=&#8220;{}&#8220; custom_padding__hover=&#8220;|||&#8220;][et_pb_text _builder_version=&#8220;4.27.4&#8243; _module_preset=&#8220;default&#8220; text_text_color=&#8220;#FFFFFF&#8220; text_font_size=&#8220;17px&#8220; text_line_height=&#8220;1.8em&#8220; header_2_font=&#8220;|700|||||||&#8220; header_2_text_color=&#8220;#FFFFFF&#8220; header_2_font_size=&#8220;33px&#8220; global_colors_info=&#8220;{}&#8220;]<\/p>\n<h2>Senden Sie uns Ihre Anfrage<\/h2>\n<p>Wir sind gerne f\u00fcr Sie da und freuen uns auf Ihre Anfrage!<br \/>Der pers\u00f6nliche Kontakt ist uns wichtig und daher stehen wir Ihnen zu unseren B\u00fcrozeiten gerne zur Verf\u00fcgung.<\/p>\n<p>[\/et_pb_text][\/et_pb_column][\/et_pb_section]<\/p>\n","protected":false},"excerpt":{"rendered":"<p>Montage &amp; Montage\u00fcberwachungMontage und Montage\u00fcberwachung Montagen werden entweder mit eigenem Personal durchgef\u00fchrt oder es wird die Bauausf\u00fchrung unter Leitung und Aufsicht von GFG bewerkstelligt. GFG f\u00fchrt sowohl Neuzustellungen als auch Reparaturen durch. Au\u00dferdem erfolgen Auskleidungen und Isolierungen in Anlagen unterschiedlichster Bestimmungen. Die \u00dcberwachung von Baut\u00e4tigkeiten im Rahmen der Montage von Feuerfestauskleidungen und aller damit in [&hellip;]<\/p>\n","protected":false},"author":1,"featured_media":0,"parent":0,"menu_order":0,"comment_status":"closed","ping_status":"closed","template":"","meta":{"_et_pb_use_builder":"on","_et_pb_old_content":"","_et_gb_content_width":"","footnotes":""},"class_list":["post-381","page","type-page","status-publish","hentry"],"_links":{"self":[{"href":"https:\/\/gfg-technik.at\/en\/wp-json\/wp\/v2\/pages\/381","targetHints":{"allow":["GET"]}}],"collection":[{"href":"https:\/\/gfg-technik.at\/en\/wp-json\/wp\/v2\/pages"}],"about":[{"href":"https:\/\/gfg-technik.at\/en\/wp-json\/wp\/v2\/types\/page"}],"author":[{"embeddable":true,"href":"https:\/\/gfg-technik.at\/en\/wp-json\/wp\/v2\/users\/1"}],"replies":[{"embeddable":true,"href":"https:\/\/gfg-technik.at\/en\/wp-json\/wp\/v2\/comments?post=381"}],"version-history":[{"count":11,"href":"https:\/\/gfg-technik.at\/en\/wp-json\/wp\/v2\/pages\/381\/revisions"}],"predecessor-version":[{"id":569,"href":"https:\/\/gfg-technik.at\/en\/wp-json\/wp\/v2\/pages\/381\/revisions\/569"}],"wp:attachment":[{"href":"https:\/\/gfg-technik.at\/en\/wp-json\/wp\/v2\/media?parent=381"}],"curies":[{"name":"wp","href":"https:\/\/api.w.org\/{rel}","templated":true}]}}